{"id":81,"date":"2019-09-24T18:14:59","date_gmt":"2019-09-24T18:14:59","guid":{"rendered":"http:\/\/aurora-alerts.com\/?page_id=81"},"modified":"2022-06-07T11:42:27","modified_gmt":"2022-06-07T11:42:27","slug":"northern-lights-photo-taker","status":"publish","type":"page","link":"https:\/\/aurora-alerts.com\/fi\/northern-lights-photo-taker\/","title":{"rendered":"(English) northern lights photo taker"},"content":{"rendered":"<p class=\"qtranxs-available-languages-message qtranxs-available-languages-message-fi\">T\u00e4m\u00e4 teksti on valitettavasti saatavilla vain kielill\u00e4: <a href=\"https:\/\/aurora-alerts.com\/en\/wp-json\/wp\/v2\/pages\/81\" class=\"qtranxs-available-language-link qtranxs-available-language-link-en\" title=\"English\">Amerikanenglanti<\/a>.<\/p>","protected":false},"excerpt":{"rendered":"<p>T\u00e4m\u00e4 teksti on valitettavasti saatavilla vain kielill\u00e4: Amerikanenglanti.<\/p>\n","protected":false},"author":1,"featured_media":0,"parent":0,"menu_order":0,"comment_status":"closed","ping_status":"closed","template":"","meta":[],"_links":{"self":[{"href":"https:\/\/aurora-alerts.com\/fi\/wp-json\/wp\/v2\/pages\/81"}],"collection":[{"href":"https:\/\/aurora-alerts.com\/fi\/wp-json\/wp\/v2\/pages"}],"about":[{"href":"https:\/\/aurora-alerts.com\/fi\/wp-json\/wp\/v2\/types\/page"}],"author":[{"embeddable":true,"href":"https:\/\/aurora-alerts.com\/fi\/wp-json\/wp\/v2\/users\/1"}],"replies":[{"embeddable":true,"href":"https:\/\/aurora-alerts.com\/fi\/wp-json\/wp\/v2\/comments?post=81"}],"version-history":[{"count":3,"href":"https:\/\/aurora-alerts.com\/fi\/wp-json\/wp\/v2\/pages\/81\/revisions"}],"predecessor-version":[{"id":99,"href":"https:\/\/aurora-alerts.com\/fi\/wp-json\/wp\/v2\/pages\/81\/revisions\/99"}],"wp:attachment":[{"href":"https:\/\/aurora-alerts.com\/fi\/wp-json\/wp\/v2\/media?parent=81"}],"curies":[{"name":"wp","href":"https:\/\/api.w.org\/{rel}","templated":true}]}}